{"id":10,"date":"2012-01-30T17:44:27","date_gmt":"2012-01-30T17:44:27","guid":{"rendered":"http:\/\/www.teambudgetracing.dk\/?page_id=10"},"modified":"2022-04-18T22:23:13","modified_gmt":"2022-04-18T20:23:13","slug":"tbr","status":"publish","type":"page","link":"https:\/\/raceevents.dk\/","title":{"rendered":"TBR"},"content":{"rendered":"<div class=\"fblike_button\" style=\"margin: 10px 0;\"><iframe src=\"http:\/\/www.facebook.com\/plugins\/like.php?href=https%3A%2F%2Fraceevents.dk%2F&amp;layout=standard&amp;show_faces=true&amp;width=450&amp;action=like&amp;font=arial&amp;colorscheme=light\" scrolling=\"no\" frameborder=\"0\" allowTransparency=\"true\" style=\"border:none; overflow:hidden; width:450px; height:70px\"><\/iframe><\/div>\n<p>Velkommen til TeamBudgetRacing NEW<\/p>\n<p>TBR er et lille racerteam under RaceEvents<\/p>\n<p>TBR er stedet hvor du kan l\u00e6re at blive en rigtig racerk\u00f8rer, komme med ud og k\u00f8re p\u00e5 de store danske baner, Ring Djursland, Jyllandsringen og Padborg park.<\/p>\n<p>Hvordan g\u00f8r vi det ? Med billige driftsikre biler, der stadig er med i den hurtige del af feltet p\u00e5 banerne, med v\u00e6gt\/effekt p\u00e5 3.6kg\/Hp tager bilerne 0-100 p\u00e5 under 4sek.<\/p>\n<p>De vejer ca.450kg + f\u00f8rer, monteret med Yahama R1 motor, der yder 152hp<br \/>\nEnten vil du elske dem. Eller ogs\u00e5 vil du hade dem. Komfort eksisterer ikke. Det larmer, lugter og ryster i kabinen. Du bliver v\u00e5d i regnvejr. Det er besv\u00e6rligt at komme ind og ud. Men det er ogs\u00e5 den ultimative k\u00f8reoplevelse.<\/p>\n<p>Der er ingen tvivl for os: <strong>Vi elsker dem!<\/strong><\/p>\n<p>RaceEvents er ogs\u00e5 stedet der gerne hj\u00e6lper med at lave Race oplevelers i mindre skala, enten ved hj\u00e6lp af vores raceframes eller med events i f.eks. Racehall \ud83d\ude42<\/p>\n<p>Se mere p\u00e5 vores <a title=\"FaceBook\" href=\"http:\/\/www.facebook.com\/RaceEvents\" target=\"_blank\" rel=\"noopener\">Facebook<\/a> side eller <a title=\"YouTube\" href=\"http:\/\/www.youtube.com\/TeamBudgetRacing\" target=\"_blank\" rel=\"noopener\">YouTube<\/a> Side \ud83d\ude09<\/p>\n\n<!-- YouTube Embed v5.2.2 -->\n<div class=\"youtube-embed\" itemprop=\"video\" itemscope itemtype=\"https:\/\/schema.org\/VideoObject\">\n\t<meta itemprop=\"url\" content=\"https:\/\/www.youtube.com\/v\/WF_xUDK-Z3s\" \/>\n\t<meta itemprop=\"name\" content=\"TBR\" \/>\n\t<meta itemprop=\"description\" content=\"TBR\" \/>\n\t<meta itemprop=\"uploadDate\" content=\"2012-01-30T17:44:27+01:00\" \/>\n\t<meta itemprop=\"thumbnailUrl\" content=\"https:\/\/i.ytimg.com\/vi\/WF_xUDK-Z3s\/default.jpg\" \/>\n\t<meta itemprop=\"embedUrl\" content=\"https:\/\/www.youtube.com\/embed\/WF_xUDK-Z3s\" \/>\n\t<meta itemprop=\"height\" content=\"329\" \/>\n\t<meta itemprop=\"width\" content=\"584\" \/>\n\t<iframe style=\"border: 0;\" class=\"youtube-player\" width=\"584\" height=\"329\" src=\"https:\/\/www.youtube.com\/embed\/WF_xUDK-Z3s?modestbranding=1&fs=0&rel=0\"><\/iframe>\n<\/div>\n<!-- End of YouTube Embed code. Generated in 0.00382 seconds -->\n\n","protected":false},"excerpt":{"rendered":"<p>Velkommen til TeamBudgetRacing NEW TBR er et lille racerteam under RaceEvents TBR er stedet hvor du kan l\u00e6re at blive en rigtig racerk\u00f8rer, komme med ud og k\u00f8re p\u00e5 de store danske baner, Ring Djursland, Jyllandsringen og Padborg park. Hvordan &hellip; <a href=\"https:\/\/raceevents.dk\/\">Continue reading <span class=\"meta-nav\">&rarr;<\/span><\/a><\/p>\n","protected":false},"author":1,"featured_media":0,"parent":0,"menu_order":0,"comment_status":"closed","ping_status":"closed","template":"","meta":[],"_links":{"self":[{"href":"https:\/\/raceevents.dk\/index.php?rest_route=\/wp\/v2\/pages\/10"}],"collection":[{"href":"https:\/\/raceevents.dk\/index.php?rest_route=\/wp\/v2\/pages"}],"about":[{"href":"https:\/\/raceevents.dk\/index.php?rest_route=\/wp\/v2\/types\/page"}],"author":[{"embeddable":true,"href":"https:\/\/raceevents.dk\/index.php?rest_route=\/wp\/v2\/users\/1"}],"replies":[{"embeddable":true,"href":"https:\/\/raceevents.dk\/index.php?rest_route=%2Fwp%2Fv2%2Fcomments&post=10"}],"version-history":[{"count":46,"href":"https:\/\/raceevents.dk\/index.php?rest_route=\/wp\/v2\/pages\/10\/revisions"}],"predecessor-version":[{"id":1732,"href":"https:\/\/raceevents.dk\/index.php?rest_route=\/wp\/v2\/pages\/10\/revisions\/1732"}],"wp:attachment":[{"href":"https:\/\/raceevents.dk\/index.php?rest_route=%2Fwp%2Fv2%2Fmedia&parent=10"}],"curies":[{"name":"wp","href":"https:\/\/api.w.org\/{rel}","templated":true}]}}