{"id":101,"date":"2012-01-31T01:25:40","date_gmt":"2012-01-31T00:25:40","guid":{"rendered":"http:\/\/www.teambudgetracing.dk\/?page_id=101"},"modified":"2019-11-21T12:49:01","modified_gmt":"2019-11-21T11:49:01","slug":"bil-132","status":"publish","type":"page","link":"https:\/\/raceevents.dk\/?page_id=101","title":{"rendered":"Bil 132"},"content":{"rendered":"<p>Codename : RED<\/p>\n<p id=\"attachment_377\" class=\"wp-caption alignright\" style=\"width: 310px;\"><a href=\"http:\/\/www.teambudgetracing.dk\/?attachment_id=1165\" rel=\"attachment wp-att-1165\"><img loading=\"lazy\" class=\"alignnone size-medium wp-image-1165\" src=\"http:\/\/www.teambudgetracing.dk\/wp-content\/uploads\/2012\/01\/132-300x180.jpg\" alt=\"132\" width=\"300\" height=\"180\" srcset=\"https:\/\/raceevents.dk\/wp-content\/uploads\/2012\/01\/132-300x180.jpg 300w, https:\/\/raceevents.dk\/wp-content\/uploads\/2012\/01\/132-1024x615.jpg 1024w\" sizes=\"(max-width: 300px) 100vw, 300px\" \/><\/a>Christian\u00a0 sammen med &#8220;132&#8221;<\/p>\n<p class=\"mceTemp\">Christian S\u00f8rensen er i dag ejer og f\u00f8rer af vores bil #132.<\/p>\n<p class=\"mceTemp\">Bilen er som udstyret med en 172 HK&#8217;s Yamaha R1 motor. Det betyder ogs\u00e5 at bilen skal veje minimum 602 kg, men muligheden for at kunne placere de ekstra kg bly har givet en meget bedre v\u00e6gtfordeling med hurtigere tider til f\u00f8lge.<\/p>\n<p class=\"mceTemp\">Ombygningen skete tilbage i vinteren 2012 og det har betydet en meget st\u00f8rre stabilitet i siden med flere topplaceringer og nu er de sm\u00e5 fejl efter den store motorombygning fjernet.<\/p>\n","protected":false},"excerpt":{"rendered":"<p>Codename : RED Christian\u00a0 sammen med &#8220;132&#8221; Christian S\u00f8rensen er i dag ejer og f\u00f8rer af vores bil #132. Bilen er som udstyret med en 172 HK&#8217;s Yamaha R1 motor. Det betyder ogs\u00e5 at bilen skal veje minimum 602 kg, &hellip; <a href=\"https:\/\/raceevents.dk\/?page_id=101\">Continue reading <span class=\"meta-nav\">&rarr;<\/span><\/a><\/p>\n","protected":false},"author":3,"featured_media":0,"parent":39,"menu_order":0,"comment_status":"closed","ping_status":"closed","template":"","meta":[],"_links":{"self":[{"href":"https:\/\/raceevents.dk\/index.php?rest_route=\/wp\/v2\/pages\/101"}],"collection":[{"href":"https:\/\/raceevents.dk\/index.php?rest_route=\/wp\/v2\/pages"}],"about":[{"href":"https:\/\/raceevents.dk\/index.php?rest_route=\/wp\/v2\/types\/page"}],"author":[{"embeddable":true,"href":"https:\/\/raceevents.dk\/index.php?rest_route=\/wp\/v2\/users\/3"}],"replies":[{"embeddable":true,"href":"https:\/\/raceevents.dk\/index.php?rest_route=%2Fwp%2Fv2%2Fcomments&post=101"}],"version-history":[{"count":11,"href":"https:\/\/raceevents.dk\/index.php?rest_route=\/wp\/v2\/pages\/101\/revisions"}],"predecessor-version":[{"id":1707,"href":"https:\/\/raceevents.dk\/index.php?rest_route=\/wp\/v2\/pages\/101\/revisions\/1707"}],"up":[{"embeddable":true,"href":"https:\/\/raceevents.dk\/index.php?rest_route=\/wp\/v2\/pages\/39"}],"wp:attachment":[{"href":"https:\/\/raceevents.dk\/index.php?rest_route=%2Fwp%2Fv2%2Fmedia&parent=101"}],"curies":[{"name":"wp","href":"https:\/\/api.w.org\/{rel}","templated":true}]}}