{"id":106,"date":"2012-01-31T01:27:14","date_gmt":"2012-01-31T00:27:14","guid":{"rendered":"http:\/\/www.teambudgetracing.dk\/?page_id=106"},"modified":"2019-11-21T13:38:48","modified_gmt":"2019-11-21T12:38:48","slug":"bil-1xx","status":"publish","type":"page","link":"https:\/\/raceevents.dk\/?page_id=106","title":{"rendered":"Bil 134"},"content":{"rendered":"<p>Vores nyeste og mest updateret vogn, bygget f\u00e6rdig og shake down testet s\u00e5 den skulle v\u00e6re 100% l\u00f8bsklar i 2014 \ud83d\ude42<\/p>\n<p>Vognen er med vores gr\u00f8nne karosse med alu i Guld, derfor kalder vi den &#8220;Guld&#8221; vognen.<\/p>\n<p><a href=\"http:\/\/www.teambudgetracing.dk\/?attachment_id=1078\" rel=\"attachment wp-att-1078\"><img loading=\"lazy\" class=\"alignright  wp-image-1078\" src=\"http:\/\/www.teambudgetracing.dk\/wp-content\/uploads\/2013\/02\/FrameOnFloorGreen-1024x768.jpeg\" alt=\"FrameOnFloorGreen\" width=\"347\" height=\"260\" srcset=\"https:\/\/raceevents.dk\/wp-content\/uploads\/2013\/02\/FrameOnFloorGreen-1024x768.jpeg 1024w, https:\/\/raceevents.dk\/wp-content\/uploads\/2013\/02\/FrameOnFloorGreen-300x225.jpeg 300w, https:\/\/raceevents.dk\/wp-content\/uploads\/2013\/02\/FrameOnFloorGreen.jpeg 2048w\" sizes=\"(max-width: 347px) 100vw, 347px\" \/><\/a><\/p>\n<p>Monteret med samme Yahama R1 motor som #133 &amp; #136<\/p>\n<p>Dog bliver bakgearet fjernet for at spare nogle af de 11,6kg reglementet i 2014 \u00e5bner op for vi kan fjerne \ud83d\ude42<\/p>\n<p>Spec:<\/p>\n<p>Weight: 561 kg (3,69 kg\/hp)<br \/>Min Weight:\u00a0547,2 (3,6 kg\/hp)<\/p>\n<p>Motor: Yahama R1 152 HP<br \/>Chassi: FullBody on lightweight frame<br \/>Front Suspension: TBR Double Wishbone<br \/>Rear Suspension: TBR Satchel link<br \/>RearDrive: FordCapri with 3,77 &amp; LSD<\/p>\n<p>Bilen st\u00e5r klar til Race \/ Salg \/ Lease \/ Leje.<\/p>\n<p>Efterf\u00f8lgende fik karossen nye farver, inden vi helt valgte at ombygge den til klassisk stil.<\/p>\n<p><img loading=\"lazy\" class=\"alignleft\" src=\"https:\/\/www.sevenracing.dk\/image\/car.php?pic_id=178\" alt=\"Car picture\" width=\"315\" height=\"177\" \/><\/p>\n<p><br \/>Det er ogs\u00e5 klassens mest &#8220;moderne&#8221; racer, da vi har udstyret bilen med et hav af sensorer som sammen med AIM DashLogger giver mulighed for dybdeg\u00e5ende analyse af l\u00f8bet.<\/p>\n<p>\u00a0<\/p>\n<p>\u00a0<\/p>\n<p>Kontakt RaceEvents for mere info.<\/p>\n\n\n<p><\/p>\n","protected":false},"excerpt":{"rendered":"<p>Vores nyeste og mest updateret vogn, bygget f\u00e6rdig og shake down testet s\u00e5 den skulle v\u00e6re 100% l\u00f8bsklar i 2014 \ud83d\ude42 Vognen er med vores gr\u00f8nne karosse med alu i Guld, derfor kalder vi den &#8220;Guld&#8221; vognen. Monteret med samme &hellip; <a href=\"https:\/\/raceevents.dk\/?page_id=106\">Continue reading <span class=\"meta-nav\">&rarr;<\/span><\/a><\/p>\n","protected":false},"author":3,"featured_media":0,"parent":39,"menu_order":0,"comment_status":"closed","ping_status":"closed","template":"","meta":[],"_links":{"self":[{"href":"https:\/\/raceevents.dk\/index.php?rest_route=\/wp\/v2\/pages\/106"}],"collection":[{"href":"https:\/\/raceevents.dk\/index.php?rest_route=\/wp\/v2\/pages"}],"about":[{"href":"https:\/\/raceevents.dk\/index.php?rest_route=\/wp\/v2\/types\/page"}],"author":[{"embeddable":true,"href":"https:\/\/raceevents.dk\/index.php?rest_route=\/wp\/v2\/users\/3"}],"replies":[{"embeddable":true,"href":"https:\/\/raceevents.dk\/index.php?rest_route=%2Fwp%2Fv2%2Fcomments&post=106"}],"version-history":[{"count":7,"href":"https:\/\/raceevents.dk\/index.php?rest_route=\/wp\/v2\/pages\/106\/revisions"}],"predecessor-version":[{"id":1717,"href":"https:\/\/raceevents.dk\/index.php?rest_route=\/wp\/v2\/pages\/106\/revisions\/1717"}],"up":[{"embeddable":true,"href":"https:\/\/raceevents.dk\/index.php?rest_route=\/wp\/v2\/pages\/39"}],"wp:attachment":[{"href":"https:\/\/raceevents.dk\/index.php?rest_route=%2Fwp%2Fv2%2Fmedia&parent=106"}],"curies":[{"name":"wp","href":"https:\/\/api.w.org\/{rel}","templated":true}]}}