{"id":140,"date":"2012-01-31T14:45:06","date_gmt":"2012-01-31T13:45:06","guid":{"rendered":"http:\/\/www.teambudgetracing.dk\/?page_id=140"},"modified":"2019-11-21T11:43:33","modified_gmt":"2019-11-21T10:43:33","slug":"kalender-2012","status":"publish","type":"page","link":"https:\/\/raceevents.dk\/?page_id=140","title":{"rendered":"Kalender 2020"},"content":{"rendered":"<p>DM i 2020 vil best\u00e5 af 14 afdelinger fordelt p\u00e5 7 weekender i DK og SE<br \/>\nSamt bes\u00f8g p\u00e5 RudSkogen i Norge<\/p>\n<div class=\"card\">\n<div class=\"list-group list-group-flush\">\n<div class=\"row\">\n<div class=\"col-auto d-none d-md-block\"><img src=\"https:\/\/www.sevenracing.dk\/image\/track.php?track_id=1\" alt=\"Jyllandsringen\" width=\"100px\" \/><\/div>\n<div class=\"col\">\n<h3>2. &#8211; 3. Maj\u00a0<small>DM<\/small><\/h3>\n<p>Jyllandsringen<\/p>\n<\/div>\n<\/div>\n<div class=\"row\">\n<div class=\"col-auto d-none d-md-block\"><img src=\"https:\/\/www.sevenracing.dk\/image\/track.php?track_id=3\" alt=\"Padborg Park\" width=\"100px\" \/><\/div>\n<div class=\"col\">\n<h3>9. &#8211; 10. Maj\u00a0<small>DM<\/small><\/h3>\n<p>Padborg Park<\/p>\n<\/div>\n<\/div>\n<div class=\"row\">\n<div class=\"col-auto d-none d-md-block\"><img src=\"https:\/\/www.sevenracing.dk\/image\/track.php?track_id=5\" alt=\"Sturup Raceway\" width=\"100px\" \/><\/div>\n<div class=\"col\">\n<h3>13. &#8211; 14. Juni\u00a0<small>DM<\/small><\/h3>\n<p>Sturup Raceway<\/p>\n<\/div>\n<\/div>\n<div class=\"row\">\n<div class=\"col-auto d-none d-md-block\"><img src=\"https:\/\/www.sevenracing.dk\/image\/track.php?track_id=1\" alt=\"Jyllandsringen\" width=\"100px\" \/><\/div>\n<div class=\"col\">\n<h3>21. &#8211; 23. August\u00a0<small>DM<\/small><\/h3>\n<p>Grand Prix &#8211; Jyllandsringen<\/p>\n<\/div>\n<\/div>\n<div class=\"row\">\n<div class=\"col-auto d-none d-md-block\"><img src=\"https:\/\/www.sevenracing.dk\/image\/track.php?track_id=2\" alt=\"Ring Djursland\" width=\"100px\" \/><\/div>\n<div class=\"col\">\n<h3>5. &#8211; 6. September\u00a0<small>DM<\/small><\/h3>\n<p>Ring Djursland<\/p>\n<\/div>\n<\/div>\n<div class=\"row\">\n<div class=\"col-auto d-none d-md-block\"><img src=\"https:\/\/www.sevenracing.dk\/image\/track.php?track_id=3\" alt=\"Padborg Park\" width=\"100px\" \/><\/div>\n<div class=\"col\">\n<h3>11. &#8211; 12. September\u00a0<small>DM<\/small><\/h3>\n<p>Night Race &#8211; Padborg Park<\/p>\n<\/div>\n<\/div>\n<div class=\"row\">\n<div class=\"col-auto d-none d-md-block\"><img src=\"https:\/\/www.sevenracing.dk\/image\/track.php?track_id=2\" alt=\"Ring Djursland\" width=\"100px\" \/><\/div>\n<div class=\"col\">\n<h3>26. &#8211; 27. September\u00a0<small>DM<\/small><\/h3>\n<p>Ring Djursland<\/p>\n<\/div>\n<\/div>\n<\/div>\n<\/div>\n<h1>Se vores kalender p\u00e5 :\u00a0<a title=\"SevenRacing-2017-kalender\" href=\"http:\/\/www.syverrace.dk\/kalender\/2020\" target=\"_blank\" rel=\"noopener noreferrer\">SevenRacing-2020<\/a> med udvidet statistik<\/h1>\n<h1><\/h1>\n<h1>Events:<\/h1>\n<p>Vi hj\u00e6lper igen i \u00e5r dem der gerne vil have licens p\u00e5\u00a0FDM Jyllandsringen<br \/>\n<strong>Program:<br \/>\n<\/strong>Teori: Afholdes den 21. marts kl. 17.00-22.00<br \/>\nPraktik: Afholdes den 22. marts kl. 7.30-17.00<\/p>\n<p><a title=\"Racerskoler\" href=\"http:\/\/racerskoler.dk\/racerskole\/\">L\u00c6S MERE OM KURSET<\/a><\/p>\n","protected":false},"excerpt":{"rendered":"<p>DM i 2020 vil best\u00e5 af 14 afdelinger fordelt p\u00e5 7 weekender i DK og SE Samt bes\u00f8g p\u00e5 RudSkogen i Norge 2. &#8211; 3. Maj\u00a0DM Jyllandsringen 9. &#8211; 10. Maj\u00a0DM Padborg Park 13. &#8211; 14. Juni\u00a0DM Sturup Raceway 21. &hellip; <a href=\"https:\/\/raceevents.dk\/?page_id=140\">Continue reading <span class=\"meta-nav\">&rarr;<\/span><\/a><\/p>\n","protected":false},"author":3,"featured_media":145,"parent":0,"menu_order":0,"comment_status":"closed","ping_status":"closed","template":"","meta":[],"_links":{"self":[{"href":"https:\/\/raceevents.dk\/index.php?rest_route=\/wp\/v2\/pages\/140"}],"collection":[{"href":"https:\/\/raceevents.dk\/index.php?rest_route=\/wp\/v2\/pages"}],"about":[{"href":"https:\/\/raceevents.dk\/index.php?rest_route=\/wp\/v2\/types\/page"}],"author":[{"embeddable":true,"href":"https:\/\/raceevents.dk\/index.php?rest_route=\/wp\/v2\/users\/3"}],"replies":[{"embeddable":true,"href":"https:\/\/raceevents.dk\/index.php?rest_route=%2Fwp%2Fv2%2Fcomments&post=140"}],"version-history":[{"count":47,"href":"https:\/\/raceevents.dk\/index.php?rest_route=\/wp\/v2\/pages\/140\/revisions"}],"predecessor-version":[{"id":1698,"href":"https:\/\/raceevents.dk\/index.php?rest_route=\/wp\/v2\/pages\/140\/revisions\/1698"}],"wp:featuredmedia":[{"embeddable":true,"href":"https:\/\/raceevents.dk\/index.php?rest_route=\/wp\/v2\/media\/145"}],"wp:attachment":[{"href":"https:\/\/raceevents.dk\/index.php?rest_route=%2Fwp%2Fv2%2Fmedia&parent=140"}],"curies":[{"name":"wp","href":"https:\/\/api.w.org\/{rel}","templated":true}]}}