{"id":161,"date":"2012-01-31T18:45:12","date_gmt":"2012-01-31T17:45:12","guid":{"rendered":"http:\/\/www.teambudgetracing.dk\/?page_id=161"},"modified":"2014-01-05T19:49:26","modified_gmt":"2014-01-05T18:49:26","slug":"syverrace","status":"publish","type":"page","link":"https:\/\/raceevents.dk\/?page_id=161","title":{"rendered":"Afvikling"},"content":{"rendered":"<p>Hver l\u00f8bsweekend best\u00e5r normalt af 2 afdelinger, der afvikles i henhold til afviklingsbestemmelserne. Disse er i \u00e5r som f\u00f8lger:<\/p>\n<p>Tr\u00e6ning: Minimum 20 minutter<br \/>\nTidtagning: Minimum 20 minutter<\/p>\n<p>1. afdeling Et heat \u00e1 15 min +1 omgang.<br \/>\nStartopstilling efter tidtagning<\/p>\n<p>2. afdeling Et heat \u00e1 15 min + 1 omgang<br \/>\nStartopstilling efter placering i f\u00f8rste heat.<br \/>\nDog med de f\u00f8rste 5 i omvendt r\u00e6kkef\u00f8lge.<\/p>\n<p>Der anvendes st\u00e5ende start i begge afdelinger.<\/p>\n","protected":false},"excerpt":{"rendered":"<p>Hver l\u00f8bsweekend best\u00e5r normalt af 2 afdelinger, der afvikles i henhold til afviklingsbestemmelserne. Disse er i \u00e5r som f\u00f8lger: Tr\u00e6ning: Minimum 20 minutter Tidtagning: Minimum 20 minutter 1. afdeling Et heat \u00e1 15 min +1 omgang. Startopstilling efter tidtagning 2. &hellip; <a href=\"https:\/\/raceevents.dk\/?page_id=161\">Continue reading <span class=\"meta-nav\">&rarr;<\/span><\/a><\/p>\n","protected":false},"author":3,"featured_media":0,"parent":0,"menu_order":0,"comment_status":"closed","ping_status":"closed","template":"","meta":[],"_links":{"self":[{"href":"https:\/\/raceevents.dk\/index.php?rest_route=\/wp\/v2\/pages\/161"}],"collection":[{"href":"https:\/\/raceevents.dk\/index.php?rest_route=\/wp\/v2\/pages"}],"about":[{"href":"https:\/\/raceevents.dk\/index.php?rest_route=\/wp\/v2\/types\/page"}],"author":[{"embeddable":true,"href":"https:\/\/raceevents.dk\/index.php?rest_route=\/wp\/v2\/users\/3"}],"replies":[{"embeddable":true,"href":"https:\/\/raceevents.dk\/index.php?rest_route=%2Fwp%2Fv2%2Fcomments&post=161"}],"version-history":[{"count":8,"href":"https:\/\/raceevents.dk\/index.php?rest_route=\/wp\/v2\/pages\/161\/revisions"}],"predecessor-version":[{"id":1161,"href":"https:\/\/raceevents.dk\/index.php?rest_route=\/wp\/v2\/pages\/161\/revisions\/1161"}],"wp:attachment":[{"href":"https:\/\/raceevents.dk\/index.php?rest_route=%2Fwp%2Fv2%2Fmedia&parent=161"}],"curies":[{"name":"wp","href":"https:\/\/api.w.org\/{rel}","templated":true}]}}