{"id":169,"date":"2012-01-31T18:54:18","date_gmt":"2012-01-31T17:54:18","guid":{"rendered":"http:\/\/www.teambudgetracing.dk\/?page_id=169"},"modified":"2019-11-21T12:46:45","modified_gmt":"2019-11-21T11:46:45","slug":"reglement","status":"publish","type":"page","link":"https:\/\/raceevents.dk\/?page_id=169","title":{"rendered":"Reglement"},"content":{"rendered":"<h2><strong>Tekniske regler<\/strong><\/h2>\n<p>Bilernes minimumsv\u00e6gt uden benzin er 420 kg. Firehjulstr\u00e6k samt kompressor og turboladning er forbudt.<br \/>\nDer m\u00e5 anvendes karburatorer eller benzinindspr\u00f8jtning. Motoren skal have v\u00e6ret i normal handel i min. 2 \u00e5r og v\u00e6re p\u00e5 maksimalt 2000 cm3, enten 4 cyl\/4-takts bilmotor eller motorcykelmotor. Gearkassen p\u00e5 MC-biler skal v\u00e6re den standardgearkasse med max. 6 gear, som tilh\u00f8rer motoren og som har sekventielt gear.<br \/>\nBremser skal v\u00e6re 2-kreds. Skiver m\u00e5 maksimalt v\u00e6re 267 mm og kalibre 4-stemplede. Hjuloph\u00e6ng foran er dobbelte triangler. Hjuloph\u00e6ng bag skal v\u00e6re alm. stiv aksel (der er givet dispensation til DeDion). St\u00f8dd\u00e6mpere skal v\u00e6re AVO-PRO,Protech eller GAZ. Der m\u00e5 anvendes sp\u00e6rredifferentiale. Akselafstand skal v\u00e6re mellem 2220 -2370 mm. Maksimal udvendig bredde er 1660 mm. Maksimalt tilladeligt st\u00f8jniveau er 100 dB(A) m\u00e5lt ved 4500 omdr\/min. Minimum frih\u00f8jde er 65 mm. Der anvendes almindelig handels benzin.<\/p>\n<h2><strong>V\u00e6gt effekt<\/strong><\/h2>\n<p>For at sikre j\u00e6vnbyrdighed mellem k\u00f8rerne i SyverRace Cup, skal alle bilerne som minimum veje 3.5 kg pr. HK for de klassiske modeller, og 3.6 kg pr. HK for biler med fuldkarosse.<br \/>\nMotorens effekt beregnes for biler med motorcykelmotor som den af motorcykelfabrikanten opgivne effekt i Europanorm (EC).<\/p>\n<h2><strong>D\u00e6k<\/strong><\/h2>\n<p>Kun Yokohama A048 er tilladt. Bredde skal v\u00e6re 185\/60 eller 205\/60 i compound medium eller soft. Der m\u00e5 anvendes specielle regnd\u00e6k.<\/p>\n","protected":false},"excerpt":{"rendered":"<p>Tekniske regler Bilernes minimumsv\u00e6gt uden benzin er 420 kg. Firehjulstr\u00e6k samt kompressor og turboladning er forbudt. Der m\u00e5 anvendes karburatorer eller benzinindspr\u00f8jtning. Motoren skal have v\u00e6ret i normal handel i min. 2 \u00e5r og v\u00e6re p\u00e5 maksimalt 2000 cm3, enten &hellip; <a href=\"https:\/\/raceevents.dk\/?page_id=169\">Continue reading <span class=\"meta-nav\">&rarr;<\/span><\/a><\/p>\n","protected":false},"author":3,"featured_media":0,"parent":0,"menu_order":0,"comment_status":"closed","ping_status":"closed","template":"","meta":[],"_links":{"self":[{"href":"https:\/\/raceevents.dk\/index.php?rest_route=\/wp\/v2\/pages\/169"}],"collection":[{"href":"https:\/\/raceevents.dk\/index.php?rest_route=\/wp\/v2\/pages"}],"about":[{"href":"https:\/\/raceevents.dk\/index.php?rest_route=\/wp\/v2\/types\/page"}],"author":[{"embeddable":true,"href":"https:\/\/raceevents.dk\/index.php?rest_route=\/wp\/v2\/users\/3"}],"replies":[{"embeddable":true,"href":"https:\/\/raceevents.dk\/index.php?rest_route=%2Fwp%2Fv2%2Fcomments&post=169"}],"version-history":[{"count":2,"href":"https:\/\/raceevents.dk\/index.php?rest_route=\/wp\/v2\/pages\/169\/revisions"}],"predecessor-version":[{"id":1705,"href":"https:\/\/raceevents.dk\/index.php?rest_route=\/wp\/v2\/pages\/169\/revisions\/1705"}],"wp:attachment":[{"href":"https:\/\/raceevents.dk\/index.php?rest_route=%2Fwp%2Fv2%2Fmedia&parent=169"}],"curies":[{"name":"wp","href":"https:\/\/api.w.org\/{rel}","templated":true}]}}