{"id":1711,"date":"2019-11-21T13:29:37","date_gmt":"2019-11-21T12:29:37","guid":{"rendered":"http:\/\/raceevents.inovatech.dk\/?page_id=1711"},"modified":"2019-11-21T13:35:23","modified_gmt":"2019-11-21T12:35:23","slug":"bil-188","status":"publish","type":"page","link":"https:\/\/raceevents.dk\/?page_id=1711","title":{"rendered":"Bil 188"},"content":{"rendered":"\n<p>Codename : White<\/p>\n\n\n\n<p>Efter salget af 132 &amp; 133 gik vi igang med planl\u00e6gning af at bygge nye biler, men det tager tid, s\u00e5 vi valgte da vi fik tilbudt 188 at sl\u00e5 til. bilen havde kendte problemer som vi nemt selv kunne l\u00f8se.<\/p>\n\n\n\n<div class=\"wp-block-image\"><figure class=\"alignright is-resized\"><img loading=\"lazy\" src=\"https:\/\/www.sevenracing.dk\/image\/car.php?pic_id=123\" alt=\"Car picture\" width=\"338\" height=\"191\"\/><\/figure><\/div>\n\n\n\n<p>Bilen er flere gange NM og SKM mester med norske J\u00f8rn Martin bag rattet.<br>Bilen er prim\u00e6rt til udlejning i SevenRacing og evt. DEC l\u00f8b<\/p>\n\n\n\n<p>Bilen er monteret med kawasaki ZX-12R motor p\u00e5 181hp som med sine 1200ccm giver et bundtr\u00e6k der uden problemer tr\u00e6kker bilens 651kg.<\/p>\n\n\n\n<p> <\/p>\n","protected":false},"excerpt":{"rendered":"<p>Codename : White Efter salget af 132 &amp; 133 gik vi igang med planl\u00e6gning af at bygge nye biler, men det tager tid, s\u00e5 vi valgte da vi fik tilbudt 188 at sl\u00e5 til. bilen havde kendte problemer som vi &hellip; <a href=\"https:\/\/raceevents.dk\/?page_id=1711\">Continue reading <span class=\"meta-nav\">&rarr;<\/span><\/a><\/p>\n","protected":false},"author":3,"featured_media":0,"parent":0,"menu_order":0,"comment_status":"closed","ping_status":"closed","template":"","meta":[],"_links":{"self":[{"href":"https:\/\/raceevents.dk\/index.php?rest_route=\/wp\/v2\/pages\/1711"}],"collection":[{"href":"https:\/\/raceevents.dk\/index.php?rest_route=\/wp\/v2\/pages"}],"about":[{"href":"https:\/\/raceevents.dk\/index.php?rest_route=\/wp\/v2\/types\/page"}],"author":[{"embeddable":true,"href":"https:\/\/raceevents.dk\/index.php?rest_route=\/wp\/v2\/users\/3"}],"replies":[{"embeddable":true,"href":"https:\/\/raceevents.dk\/index.php?rest_route=%2Fwp%2Fv2%2Fcomments&post=1711"}],"version-history":[{"count":3,"href":"https:\/\/raceevents.dk\/index.php?rest_route=\/wp\/v2\/pages\/1711\/revisions"}],"predecessor-version":[{"id":1715,"href":"https:\/\/raceevents.dk\/index.php?rest_route=\/wp\/v2\/pages\/1711\/revisions\/1715"}],"wp:attachment":[{"href":"https:\/\/raceevents.dk\/index.php?rest_route=%2Fwp%2Fv2%2Fmedia&parent=1711"}],"curies":[{"name":"wp","href":"https:\/\/api.w.org\/{rel}","templated":true}]}}