{"id":186,"date":"2012-01-31T19:41:03","date_gmt":"2012-01-31T18:41:03","guid":{"rendered":"http:\/\/www.teambudgetracing.dk\/?page_id=186"},"modified":"2012-02-04T10:39:40","modified_gmt":"2012-02-04T09:39:40","slug":"vip","status":"publish","type":"page","link":"https:\/\/raceevents.dk\/?page_id=186","title":{"rendered":"VIP"},"content":{"rendered":"<p>Der vil i l\u00f8bet af \u00e5ret 2012 blive inviteret til et par forskellige VIP arrangementer<\/p>\n<p>nogle er gratis, andre koster et beskedent bel\u00f8b.<\/p>\n","protected":false},"excerpt":{"rendered":"<p>Der vil i l\u00f8bet af \u00e5ret 2012 blive inviteret til et par forskellige VIP arrangementer nogle er gratis, andre koster et beskedent bel\u00f8b.<\/p>\n","protected":false},"author":3,"featured_media":295,"parent":0,"menu_order":0,"comment_status":"closed","ping_status":"closed","template":"","meta":[],"_links":{"self":[{"href":"https:\/\/raceevents.dk\/index.php?rest_route=\/wp\/v2\/pages\/186"}],"collection":[{"href":"https:\/\/raceevents.dk\/index.php?rest_route=\/wp\/v2\/pages"}],"about":[{"href":"https:\/\/raceevents.dk\/index.php?rest_route=\/wp\/v2\/types\/page"}],"author":[{"embeddable":true,"href":"https:\/\/raceevents.dk\/index.php?rest_route=\/wp\/v2\/users\/3"}],"replies":[{"embeddable":true,"href":"https:\/\/raceevents.dk\/index.php?rest_route=%2Fwp%2Fv2%2Fcomments&post=186"}],"version-history":[{"count":2,"href":"https:\/\/raceevents.dk\/index.php?rest_route=\/wp\/v2\/pages\/186\/revisions"}],"predecessor-version":[{"id":296,"href":"https:\/\/raceevents.dk\/index.php?rest_route=\/wp\/v2\/pages\/186\/revisions\/296"}],"wp:featuredmedia":[{"embeddable":true,"href":"https:\/\/raceevents.dk\/index.php?rest_route=\/wp\/v2\/media\/295"}],"wp:attachment":[{"href":"https:\/\/raceevents.dk\/index.php?rest_route=%2Fwp%2Fv2%2Fmedia&parent=186"}],"curies":[{"name":"wp","href":"https:\/\/api.w.org\/{rel}","templated":true}]}}