{"id":189,"date":"2012-01-31T19:56:29","date_gmt":"2012-01-31T18:56:29","guid":{"rendered":"http:\/\/www.teambudgetracing.dk\/?page_id=189"},"modified":"2022-04-18T13:58:29","modified_gmt":"2022-04-18T11:58:29","slug":"vip-dag-i-racehall","status":"publish","type":"page","link":"https:\/\/raceevents.dk\/?page_id=189","title":{"rendered":"Racehall Events"},"content":{"rendered":"<p>Denne dag bliver i racerk\u00f8rernes tegn.<\/p>\n<p>Her vil teamet pr\u00f8ve at give et indblik i hvordan det hele k\u00f8rer rundt i vores lille team.<\/p>\n<p>Vi starter dagen med lidt til maven, The Diner vil servere sm\u00e5 pandekager, p\u00f8lser, samt \u00e6g og bacon, med the, kaffe og juice.<\/p>\n<p>Imens\u00a0vil k\u00f8rerne fort\u00e6lle om k\u00f8reteknik, som skal bruges i de efterf\u00f8lgende<br \/>\nl\u00f8b der skal k\u00f8res\u00a0 i Racehall A\/S. Der skal k\u00f8res b\u00e5de individuelt mesterskab og hold race.<\/p>\n<p>Der vil ogs\u00e5 blive givet gode r\u00e5d til hvordan man bedst muligt udnytter tiden i karten, for LeMans vindes ikke i f\u00f8rste sving, mens man ej heller m\u00e5 sove i timen i sprint l\u00f8b.<\/p>\n<p>P\u00e5 grund af det lave tilmeldingstal, bliver der mere k\u00f8retid til alle jer andre som skal med.<\/p>\n<p>Det betyder at de fremm\u00f8dte f\u00e5r \u00bd times individuelt race,\u00a0samt 1 times holdrace (2 mand pr. hold) dvs. i alt 1 times k\u00f8retid pr. mand.<\/p>\n<p>Efter det individuelle race, vil der v\u00e6re en bid mad mens vi debrifer, hvorefter vi deler folk op i 2 mands hold inden vi skal ned og k\u00f8re 1 times LeMans.<\/p>\n<p>Programmet ca.<\/p>\n<p>9.00 L\u00e6kker morgenbuffen \u00e5bner.<br \/>\n9.15 Velkomst &amp; Pr\u00e6sentation af RaceEvents v\/ TeamBudgetRacing.<br \/>\n9.45\u00a0K\u00f8reteknikken i Racehall, samt LeMans Race p\u00e5 godt og ondt.<br \/>\n10.15 Pr\u00e6sentation af L\u00f8bsafviklingen.<br \/>\n10.30 Fokus og mental forberedelse v\/ Christian S\u00f8rensen<br \/>\n10.45 Briefing Video fra Racehall.<\/p>\n<hr \/>\n<p>11.00\u00a0Start p\u00e5 individuelt race.<br \/>\n12.00 Individuelt races flages af.<\/p>\n<hr \/>\n<p>12.00 Frokost, Debriefing.<br \/>\n12.30 Fra SimRace til Trackday, til racerk\u00f8rer v\/ Mirza Ahmetagic<br \/>\n13.00 Holdindeling til LeMans<\/p>\n<hr \/>\n<p>13.30 N\u00e5r det r\u00f8de slukker, s\u00e5 er LeMans igang.<br \/>\n14.30 LeMans flages af.<br \/>\n14.45 Debrifing og kage.<br \/>\n15.00 Video af blandet race med RaceEvents.<br \/>\n15.30 Teamet takker af for en garanteret hyggelig dag. \ud83d\ude09<\/p>\n<p>Det tages dog forbehold for at vi m\u00e5ske \u00e6ndre lidt p\u00e5 programmet p\u00e5 dagen, men vi lover det kun vil v\u00e6re for at g\u00f8re oplevelsen bedre.<\/p>\n","protected":false},"excerpt":{"rendered":"<p>Denne dag bliver i racerk\u00f8rernes tegn. Her vil teamet pr\u00f8ve at give et indblik i hvordan det hele k\u00f8rer rundt i vores lille team. Vi starter dagen med lidt til maven, The Diner vil servere sm\u00e5 pandekager, p\u00f8lser, samt \u00e6g &hellip; <a href=\"https:\/\/raceevents.dk\/?page_id=189\">Continue reading <span class=\"meta-nav\">&rarr;<\/span><\/a><\/p>\n","protected":false},"author":3,"featured_media":0,"parent":186,"menu_order":0,"comment_status":"closed","ping_status":"closed","template":"","meta":[],"_links":{"self":[{"href":"https:\/\/raceevents.dk\/index.php?rest_route=\/wp\/v2\/pages\/189"}],"collection":[{"href":"https:\/\/raceevents.dk\/index.php?rest_route=\/wp\/v2\/pages"}],"about":[{"href":"https:\/\/raceevents.dk\/index.php?rest_route=\/wp\/v2\/types\/page"}],"author":[{"embeddable":true,"href":"https:\/\/raceevents.dk\/index.php?rest_route=\/wp\/v2\/users\/3"}],"replies":[{"embeddable":true,"href":"https:\/\/raceevents.dk\/index.php?rest_route=%2Fwp%2Fv2%2Fcomments&post=189"}],"version-history":[{"count":36,"href":"https:\/\/raceevents.dk\/index.php?rest_route=\/wp\/v2\/pages\/189\/revisions"}],"predecessor-version":[{"id":1728,"href":"https:\/\/raceevents.dk\/index.php?rest_route=\/wp\/v2\/pages\/189\/revisions\/1728"}],"up":[{"embeddable":true,"href":"https:\/\/raceevents.dk\/index.php?rest_route=\/wp\/v2\/pages\/186"}],"wp:attachment":[{"href":"https:\/\/raceevents.dk\/index.php?rest_route=%2Fwp%2Fv2%2Fmedia&parent=189"}],"curies":[{"name":"wp","href":"https:\/\/api.w.org\/{rel}","templated":true}]}}