{"id":196,"date":"2012-01-31T20:04:05","date_gmt":"2012-01-31T19:04:05","guid":{"rendered":"http:\/\/www.teambudgetracing.dk\/?page_id=196"},"modified":"2012-04-16T19:37:17","modified_gmt":"2012-04-16T17:37:17","slug":"med-teamet-til-lob","status":"publish","type":"page","link":"https:\/\/raceevents.dk\/?page_id=196","title":{"rendered":"Med teamet til l\u00f8b"},"content":{"rendered":"<p>Da dette jo er budget race, s\u00e5 er der ikke de store VIP anretninger ude til l\u00f8b.<\/p>\n<p>Men dermed ikke sagt, at I ikke er velkomne! Vi hj\u00e6lper hellere end gerne med indgang og information, og I er selvf\u00f8lgelig inviteret til at bes\u00f8ges os i vores team telt p\u00e5 banerne.<\/p>\n<p>Og vi st\u00e5r altid til r\u00e5dighed til sp\u00f8rgsm\u00e5l, og vi deler gerne ud af vores viden, i h\u00e5b om at vi jo gerne vil have nogle flere ind i SyverRace at \u00a0k\u00f8re imod \ud83d\ude09<\/p>\n","protected":false},"excerpt":{"rendered":"<p>Da dette jo er budget race, s\u00e5 er der ikke de store VIP anretninger ude til l\u00f8b. Men dermed ikke sagt, at I ikke er velkomne! Vi hj\u00e6lper hellere end gerne med indgang og information, og I er selvf\u00f8lgelig inviteret &hellip; <a href=\"https:\/\/raceevents.dk\/?page_id=196\">Continue reading <span class=\"meta-nav\">&rarr;<\/span><\/a><\/p>\n","protected":false},"author":3,"featured_media":0,"parent":186,"menu_order":0,"comment_status":"closed","ping_status":"closed","template":"","meta":[],"_links":{"self":[{"href":"https:\/\/raceevents.dk\/index.php?rest_route=\/wp\/v2\/pages\/196"}],"collection":[{"href":"https:\/\/raceevents.dk\/index.php?rest_route=\/wp\/v2\/pages"}],"about":[{"href":"https:\/\/raceevents.dk\/index.php?rest_route=\/wp\/v2\/types\/page"}],"author":[{"embeddable":true,"href":"https:\/\/raceevents.dk\/index.php?rest_route=\/wp\/v2\/users\/3"}],"replies":[{"embeddable":true,"href":"https:\/\/raceevents.dk\/index.php?rest_route=%2Fwp%2Fv2%2Fcomments&post=196"}],"version-history":[{"count":4,"href":"https:\/\/raceevents.dk\/index.php?rest_route=\/wp\/v2\/pages\/196\/revisions"}],"predecessor-version":[{"id":689,"href":"https:\/\/raceevents.dk\/index.php?rest_route=\/wp\/v2\/pages\/196\/revisions\/689"}],"up":[{"embeddable":true,"href":"https:\/\/raceevents.dk\/index.php?rest_route=\/wp\/v2\/pages\/186"}],"wp:attachment":[{"href":"https:\/\/raceevents.dk\/index.php?rest_route=%2Fwp%2Fv2%2Fmedia&parent=196"}],"curies":[{"name":"wp","href":"https:\/\/api.w.org\/{rel}","templated":true}]}}