{"id":218,"date":"2012-01-31T22:28:40","date_gmt":"2012-01-31T21:28:40","guid":{"rendered":"http:\/\/www.teambudgetracing.dk\/?page_id=218"},"modified":"2014-08-05T07:49:33","modified_gmt":"2014-08-05T05:49:33","slug":"2-mekaniker","status":"publish","type":"page","link":"https:\/\/raceevents.dk\/?page_id=218","title":{"rendered":"Race Engineer: T.Hansen"},"content":{"rendered":"<p style=\"text-align: left;\">Thomas Hansen<\/p>\n<p>F\u00f8dt : 1980<img loading=\"lazy\" class=\"alignright size-medium wp-image-264\" title=\"2011-06-11 11.36.12\" src=\"http:\/\/www.teambudgetracing.dk\/wp-content\/uploads\/2012\/01\/2011-06-11-11.36.12-225x300.jpg\" alt=\"\" width=\"225\" height=\"300\" srcset=\"https:\/\/raceevents.dk\/wp-content\/uploads\/2012\/01\/2011-06-11-11.36.12-225x300.jpg 225w, https:\/\/raceevents.dk\/wp-content\/uploads\/2012\/01\/2011-06-11-11.36.12-768x1024.jpg 768w\" sizes=\"(max-width: 225px) 100vw, 225px\" \/><\/p>\n<p>Elektronik Ingeni\u00f8r<\/p>\n<p>Thomas&#8217; erfaring med setup af racerbiler kommer prim\u00e6rt fra simrace, som han har dyrket igennem mange \u00e5r. Med klar forventning om at en del af denne viden kan overf\u00f8res til virkeligheden, er Thomas fuld af optimisme med henblik p\u00e5 mulighederne for at skabe gode resultater i l\u00f8bet af s\u00e6sonen. Men der er jo altid noget der kan og skal g\u00f8res bedre.<\/p>\n<p>Det er dog ogs\u00e5 f\u00f8rste gang han skal pr\u00f8ve at oms\u00e6tte hans viden til rigtige biler, en udfordring han ser frem til.<\/p>\n<p>Ud over hans tekniske viden, giver thomas ogs\u00e5 en h\u00e5nd med i klarg\u00f8ring af bilerne, og er ikke bleg for at f\u00e5 beskidte h\u00e6nder inden bilerne skal p\u00e5 banen.<\/p>\n<p>Thomas og teamet ser frem til samarbejdet i 2012.<\/p>\n","protected":false},"excerpt":{"rendered":"<p>Thomas Hansen F\u00f8dt : 1980 Elektronik Ingeni\u00f8r Thomas&#8217; erfaring med setup af racerbiler kommer prim\u00e6rt fra simrace, som han har dyrket igennem mange \u00e5r. Med klar forventning om at en del af denne viden kan overf\u00f8res til virkeligheden, er Thomas &hellip; <a href=\"https:\/\/raceevents.dk\/?page_id=218\">Continue reading <span class=\"meta-nav\">&rarr;<\/span><\/a><\/p>\n","protected":false},"author":3,"featured_media":0,"parent":77,"menu_order":0,"comment_status":"closed","ping_status":"closed","template":"","meta":[],"_links":{"self":[{"href":"https:\/\/raceevents.dk\/index.php?rest_route=\/wp\/v2\/pages\/218"}],"collection":[{"href":"https:\/\/raceevents.dk\/index.php?rest_route=\/wp\/v2\/pages"}],"about":[{"href":"https:\/\/raceevents.dk\/index.php?rest_route=\/wp\/v2\/types\/page"}],"author":[{"embeddable":true,"href":"https:\/\/raceevents.dk\/index.php?rest_route=\/wp\/v2\/users\/3"}],"replies":[{"embeddable":true,"href":"https:\/\/raceevents.dk\/index.php?rest_route=%2Fwp%2Fv2%2Fcomments&post=218"}],"version-history":[{"count":17,"href":"https:\/\/raceevents.dk\/index.php?rest_route=\/wp\/v2\/pages\/218\/revisions"}],"predecessor-version":[{"id":1633,"href":"https:\/\/raceevents.dk\/index.php?rest_route=\/wp\/v2\/pages\/218\/revisions\/1633"}],"up":[{"embeddable":true,"href":"https:\/\/raceevents.dk\/index.php?rest_route=\/wp\/v2\/pages\/77"}],"wp:attachment":[{"href":"https:\/\/raceevents.dk\/index.php?rest_route=%2Fwp%2Fv2%2Fmedia&parent=218"}],"curies":[{"name":"wp","href":"https:\/\/api.w.org\/{rel}","templated":true}]}}