{"id":320,"date":"2012-02-10T20:53:18","date_gmt":"2012-02-10T19:53:18","guid":{"rendered":"http:\/\/www.teambudgetracing.dk\/?page_id=320"},"modified":"2019-11-21T11:48:47","modified_gmt":"2019-11-21T10:48:47","slug":"kontakt","status":"publish","type":"page","link":"https:\/\/raceevents.dk\/?page_id=320","title":{"rendered":"Kontakt"},"content":{"rendered":"<p>For mere information om :<\/p>\n<ul>\n<li>Blive en del af TBR<\/li>\n<li>Racer Licens<\/li>\n<li>Leje af biler til events \/ Race<\/li>\n<li>Foresp\u00f8rgelse p\u00e5 opbygning af Event.<\/li>\n<li>Hj\u00e6lp \/ Support med opbygning af Event- \/ RacerBiler<\/li>\n<li>+ alt mulig andet \ud83d\ude09<\/li>\n<\/ul>\n<div>Kontakt :<\/div>\n<p>Race Events<br \/>\nHaraldslundvej 3A<br \/>\n8382 Hinnerup<br \/>\nCVR : 34157502<br \/>\nTlf: 86212342<br \/>\nMob : 26702342<br \/>\nMail : <a href=\"&#109;&#x61;&#x69;l&#116;&#x6f;:&#73;&#x6e;&#x66;o&#64;&#x52;a&#99;&#x65;&#x45;v&#101;&#x6e;t&#115;&#x2e;&#x44;&#75;\">I&#110;&#102;&#x6f;&#x40;&#x52;ac&#101;&#69;&#x76;&#x65;&#x6e;t&#115;&#46;&#68;&#x4b;<\/a><\/p>\n","protected":false},"excerpt":{"rendered":"<p>For mere information om : Blive en del af TBR Racer Licens Leje af biler til events \/ Race Foresp\u00f8rgelse p\u00e5 opbygning af Event. Hj\u00e6lp \/ Support med opbygning af Event- \/ RacerBiler + alt mulig andet \ud83d\ude09 Kontakt : &hellip; <a href=\"https:\/\/raceevents.dk\/?page_id=320\">Continue reading <span class=\"meta-nav\">&rarr;<\/span><\/a><\/p>\n","protected":false},"author":3,"featured_media":0,"parent":0,"menu_order":0,"comment_status":"closed","ping_status":"closed","template":"","meta":[],"_links":{"self":[{"href":"https:\/\/raceevents.dk\/index.php?rest_route=\/wp\/v2\/pages\/320"}],"collection":[{"href":"https:\/\/raceevents.dk\/index.php?rest_route=\/wp\/v2\/pages"}],"about":[{"href":"https:\/\/raceevents.dk\/index.php?rest_route=\/wp\/v2\/types\/page"}],"author":[{"embeddable":true,"href":"https:\/\/raceevents.dk\/index.php?rest_route=\/wp\/v2\/users\/3"}],"replies":[{"embeddable":true,"href":"https:\/\/raceevents.dk\/index.php?rest_route=%2Fwp%2Fv2%2Fcomments&post=320"}],"version-history":[{"count":10,"href":"https:\/\/raceevents.dk\/index.php?rest_route=\/wp\/v2\/pages\/320\/revisions"}],"predecessor-version":[{"id":1699,"href":"https:\/\/raceevents.dk\/index.php?rest_route=\/wp\/v2\/pages\/320\/revisions\/1699"}],"wp:attachment":[{"href":"https:\/\/raceevents.dk\/index.php?rest_route=%2Fwp%2Fv2%2Fmedia&parent=320"}],"curies":[{"name":"wp","href":"https:\/\/api.w.org\/{rel}","templated":true}]}}