{"id":39,"date":"2012-01-30T23:29:47","date_gmt":"2012-01-30T22:29:47","guid":{"rendered":"http:\/\/www.teambudgetracing.dk\/?page_id=39"},"modified":"2012-04-10T12:38:46","modified_gmt":"2012-04-10T10:38:46","slug":"bilerne","status":"publish","type":"page","link":"https:\/\/raceevents.dk\/?page_id=39","title":{"rendered":"Bilerne"},"content":{"rendered":"<p>Teamet best\u00e5r p.t. af 4 SuperSeven racerbiler<\/p>\n<p>Det er Carsten Fruergaard der har bygget bilerne og designed de special hjuloph\u00e6ng der kendetegner de 4 biler. Og sammen med sine S\u00f8nner har de drevet teamet siden SyverRace CUP startede i 2000.<\/p>\n<p>I Efter\u00e5ret 2011 Overtog Race Events teamet, og h\u00e5ber at kunne viderf\u00f8re bilernes oprigtige form\u00e5l. At give den ultimative k\u00f8reoplevelse.<\/p>\n<p>Bilerne er bygget p\u00e5 en k\u00f8bt ramme, hvorp\u00e5 der er monteret forskellige race dele. De\u00a0er bygget meget lette, s\u00e5 sammen med motorcykelmotoren f\u00e5r man en vogn der giver nogle yderst velfungerne k\u00f8re egenskaber.<\/p>\n<p>Brugen af MC motor giver desuden den \u00e6gte race oplevelse igennem gearkassen der er bygget som en Dog sekvensiel, hvorved gearskiftet fuldf\u00f8res p\u00e5 br\u00f8kdele af et sekund.<\/p>\n<p>Front Suspension:<br \/>\nSpecial designed by CF for optimal performance with focus on Center of rotation.<br \/>\nWillwood 4 Pistons w. ventilated disc.<br \/>\nGAZ 2 way Adjustable suspension.<\/p>\n<p>Rear Suspension:<br \/>\nSpecial designed by CF for optimal performance with focus on Center of rotation.<br \/>\nWillwood 4 Pistons on disc.<br \/>\nGAZ 2 way Adjustable suspension.<\/p>\n<p>Fuel:<br \/>\nATC FuelCell<\/p>\n<p>DriveTrain:<br \/>\n6 Speed Yahama R1 w. 150hp, Strait Cut, Dog Sequential Gearbox.<br \/>\nDual shaft w. Transferbox for Reverse.<br \/>\nLSD inside Ford Capri Rear Axel.<\/p>\n<p>Chassis:<br \/>\nSteel Frame from UK builder<br \/>\nAluminium sheeting<br \/>\nCarbon \/ Glass Fiber parts.<br \/>\nCarbonFiber Seat<\/p>\n<p>Engine:<br \/>\nDisplacement:\u00a0\u00a0\u00a0 998.00 ccm (60.90 cubic inches)<br \/>\nEngine type:\u00a0\u00a0\u00a0 In-line four, four-stroke<br \/>\nPower:\u00a0\u00a0\u00a0 150.00 HP (109.5 kW)) @ 10000 RPM<br \/>\nTorque:\u00a0\u00a0\u00a0 108.00 Nm (11.0 kgf-m or 79.7 ft.lbs) @ 8500 RPM<br \/>\nCooling system:\u00a0\u00a0\u00a0 Liquid (Water &amp; Oil)<\/p>\n","protected":false},"excerpt":{"rendered":"<p>Teamet best\u00e5r p.t. af 4 SuperSeven racerbiler Det er Carsten Fruergaard der har bygget bilerne og designed de special hjuloph\u00e6ng der kendetegner de 4 biler. Og sammen med sine S\u00f8nner har de drevet teamet siden SyverRace CUP startede i 2000. &hellip; <a href=\"https:\/\/raceevents.dk\/?page_id=39\">Continue reading <span class=\"meta-nav\">&rarr;<\/span><\/a><\/p>\n","protected":false},"author":3,"featured_media":15,"parent":0,"menu_order":0,"comment_status":"closed","ping_status":"closed","template":"","meta":[],"_links":{"self":[{"href":"https:\/\/raceevents.dk\/index.php?rest_route=\/wp\/v2\/pages\/39"}],"collection":[{"href":"https:\/\/raceevents.dk\/index.php?rest_route=\/wp\/v2\/pages"}],"about":[{"href":"https:\/\/raceevents.dk\/index.php?rest_route=\/wp\/v2\/types\/page"}],"author":[{"embeddable":true,"href":"https:\/\/raceevents.dk\/index.php?rest_route=\/wp\/v2\/users\/3"}],"replies":[{"embeddable":true,"href":"https:\/\/raceevents.dk\/index.php?rest_route=%2Fwp%2Fv2%2Fcomments&post=39"}],"version-history":[{"count":10,"href":"https:\/\/raceevents.dk\/index.php?rest_route=\/wp\/v2\/pages\/39\/revisions"}],"predecessor-version":[{"id":605,"href":"https:\/\/raceevents.dk\/index.php?rest_route=\/wp\/v2\/pages\/39\/revisions\/605"}],"wp:featuredmedia":[{"embeddable":true,"href":"https:\/\/raceevents.dk\/index.php?rest_route=\/wp\/v2\/media\/15"}],"wp:attachment":[{"href":"https:\/\/raceevents.dk\/index.php?rest_route=%2Fwp%2Fv2%2Fmedia&parent=39"}],"curies":[{"name":"wp","href":"https:\/\/api.w.org\/{rel}","templated":true}]}}