{"id":47,"date":"2012-01-30T23:43:45","date_gmt":"2012-01-30T22:43:45","guid":{"rendered":"http:\/\/www.teambudgetracing.dk\/?page_id=47"},"modified":"2019-11-21T12:55:42","modified_gmt":"2019-11-21T11:55:42","slug":"bil-133","status":"publish","type":"page","link":"https:\/\/raceevents.dk\/?page_id=47","title":{"rendered":"Bil 136"},"content":{"rendered":"<p>Codename : BLUE<\/p>\n<div id=\"attachment_522\" style=\"width: 306px\" class=\"wp-caption alignright\"><a href=\"http:\/\/www.teambudgetracing.dk\/wp-content\/uploads\/2012\/01\/IMG_6519e.jpg\"><img aria-describedby=\"caption-attachment-522\" loading=\"lazy\" class=\" wp-image-522 \" title=\"IMG_6519e\" src=\"http:\/\/www.teambudgetracing.dk\/wp-content\/uploads\/2012\/01\/IMG_6519e-300x200.jpg\" alt=\"\" width=\"296\" height=\"197\" srcset=\"https:\/\/raceevents.dk\/wp-content\/uploads\/2012\/01\/IMG_6519e-300x200.jpg 300w, https:\/\/raceevents.dk\/wp-content\/uploads\/2012\/01\/IMG_6519e-1024x682.jpg 1024w, https:\/\/raceevents.dk\/wp-content\/uploads\/2012\/01\/IMG_6519e.jpg 1536w\" sizes=\"(max-width: 296px) 100vw, 296px\" \/><\/a><p id=\"caption-attachment-522\" class=\"wp-caption-text\">Mikkel sammen med &#8220;Blue&#8221;<\/p><\/div>\n<p>Bilen er 3 x DM.<br \/>\nBilen har v\u00e6re den absolutte letteste bil. og er k\u00f8rt som udlejnings bil og ellers med Mikkel Holch v\u00e6re fast k\u00f8re p\u00e5 bilen.<\/p>\n<p>Bilen blev i august 2018 lejet ud til en licensdag, hvor chauff\u00f8ren var s\u00e5 begejstret, at vi faktisk endte med at m\u00e5tte s\u00e6lge bilen, s\u00e5 den nu k\u00f8re med ny fast bes\u00e6tning i 2019 &amp; 2020.<\/p>\n","protected":false},"excerpt":{"rendered":"<p>Codename : BLUE Bilen er 3 x DM. Bilen har v\u00e6re den absolutte letteste bil. og er k\u00f8rt som udlejnings bil og ellers med Mikkel Holch v\u00e6re fast k\u00f8re p\u00e5 bilen. Bilen blev i august 2018 lejet ud til en &hellip; <a href=\"https:\/\/raceevents.dk\/?page_id=47\">Continue reading <span class=\"meta-nav\">&rarr;<\/span><\/a><\/p>\n","protected":false},"author":3,"featured_media":0,"parent":39,"menu_order":0,"comment_status":"closed","ping_status":"closed","template":"","meta":[],"_links":{"self":[{"href":"https:\/\/raceevents.dk\/index.php?rest_route=\/wp\/v2\/pages\/47"}],"collection":[{"href":"https:\/\/raceevents.dk\/index.php?rest_route=\/wp\/v2\/pages"}],"about":[{"href":"https:\/\/raceevents.dk\/index.php?rest_route=\/wp\/v2\/types\/page"}],"author":[{"embeddable":true,"href":"https:\/\/raceevents.dk\/index.php?rest_route=\/wp\/v2\/users\/3"}],"replies":[{"embeddable":true,"href":"https:\/\/raceevents.dk\/index.php?rest_route=%2Fwp%2Fv2%2Fcomments&post=47"}],"version-history":[{"count":19,"href":"https:\/\/raceevents.dk\/index.php?rest_route=\/wp\/v2\/pages\/47\/revisions"}],"predecessor-version":[{"id":1709,"href":"https:\/\/raceevents.dk\/index.php?rest_route=\/wp\/v2\/pages\/47\/revisions\/1709"}],"up":[{"embeddable":true,"href":"https:\/\/raceevents.dk\/index.php?rest_route=\/wp\/v2\/pages\/39"}],"wp:attachment":[{"href":"https:\/\/raceevents.dk\/index.php?rest_route=%2Fwp%2Fv2%2Fmedia&parent=47"}],"curies":[{"name":"wp","href":"https:\/\/api.w.org\/{rel}","templated":true}]}}