{"id":56,"date":"2012-01-30T23:51:41","date_gmt":"2012-01-30T22:51:41","guid":{"rendered":"http:\/\/www.teambudgetracing.dk\/?page_id=56"},"modified":"2022-04-18T13:59:22","modified_gmt":"2022-04-18T11:59:22","slug":"bliv-partner","status":"publish","type":"page","link":"https:\/\/raceevents.dk\/?page_id=56","title":{"rendered":"Bliv Partner"},"content":{"rendered":"<p>Et samarbejde med RaceEvents \u00e5bner for en lang r\u00e6kke muligheder, som din virksomhed kan drage fordel af.<\/p>\n<p>Vi giver dit varem\u00e6rke synlighed p\u00e5 og omkring racerbanerne, og dit samarbejde aktiveres igennem en lang r\u00e6kke sp\u00e6ndende aktiviteter og events.<\/p>\n<ul>\n<li>Eksponering af jeres firma p\u00e5 RaceEvents racerbiler og k\u00f8rerdragter.<\/li>\n<li>RaceEvents stiller sig til r\u00e5dighed i forbindelse med kundeevents.<\/li>\n<li>Udl\u00e5n af motorsportsrekvisitter til interne udstillinger og messer.<\/li>\n<li>Modtag det sp\u00e6ndende nyhedsbrev fra RaceEvents.<\/li>\n<li>Mulighed for afholdelse af kunde-\/personale events til motorl\u00f8b.<\/li>\n<li>Sparring i forbindelse med kunde- og\/eller personalearrangementer.<\/li>\n<li>+hvad vi nu kan finde p\u00e5 at sjov og spas.<\/li>\n<\/ul>\n<p>Download vores sponsor prospekt og l\u00e6s mere om mulighederne. (kommer snart)<\/p>\n<h2>Reklame Pakke 1:<\/h2>\n<ul>\n<li>Eksponering af jeres firma p\u00e5 RaceEvents racerbiler.<\/li>\n<li>Eksponering af jeres firma p\u00e5 RaceEvents Hjemmeside.<\/li>\n<li>Modtag det sp\u00e6ndende nyhedsbrev fra RaceEvents.<\/li>\n<li>PakkePris : 4495,-<\/li>\n<\/ul>\n<h2>Reklame Pakke 2:<\/h2>\n<ul>\n<li>alt i Reklame Pakke 1.<\/li>\n<li>Invitation til <a title=\"Racehall Events 2013\" href=\"http:\/\/www.teambudgetracing.dk\/?page_id=189\">Racehall Event<\/a>\u00a0(1 hold).<\/li>\n<li>PakkePris : 9995,-<\/li>\n<\/ul>\n<h2>VIP Pakke 1:<\/h2>\n<ul>\n<li>Eksponering af jeres firma p\u00e5 RaceEvents racerbiler.<\/li>\n<li>Eksponering af jeres firma p\u00e5 RaceEvents Hjemmeside.<\/li>\n<li>Modtag det sp\u00e6ndende nyhedsbrev fra RaceEvents.<\/li>\n<li>VIP login til RaceEvents.DK for inside information.<\/li>\n<li>RaceEvents stiller sig til r\u00e5dighed i forbindelse med kundeevents.<\/li>\n<li>Udl\u00e5n af motorsportsrekvisitter til interne udstillinger og messer.<\/li>\n<li>2 Gokart-hold til <a title=\"Racehall Events 2013\" href=\"http:\/\/www.teambudgetracing.dk\/?page_id=189\">Racehall Event<\/a>.<\/li>\n<li>PakkePris : 14995,-<\/li>\n<\/ul>\n<h2>VIP Pakke 2:<\/h2>\n<ul>\n<li>Alt i VIP Pakke 1.<\/li>\n<li>Mulighed for at pr\u00f8ve teamets 3 biler p\u00e5 lukket anl\u00e6g.<\/li>\n<li>Eksponering af jeres firma p\u00e5 TeamBudgetRacings k\u00f8rerdragter.<\/li>\n<li>Mulighed for afholdelse af kunde-\/personale events til motorl\u00f8b.<\/li>\n<li>Sparring i forbindelse med kunde- og\/eller personalearrangementer.<\/li>\n<li>Yderlige 2 gokart-hold til <a title=\"Racehall Events 2013\" href=\"http:\/\/www.teambudgetracing.dk\/?page_id=189\">Racehall Event<\/a>\u00a0(4 gokart-hold ialt).<\/li>\n<li>PakkePris : 19995,-<\/li>\n<\/ul>\n<h2>Super VIP Pakke:<\/h2>\n<ul>\n<li>Den ultimative Pakke l\u00f8sning<\/li>\n<li>Alt i VIP Pakke 2. + mere.<\/li>\n<li>Men skr\u00e6dersyet til jeres behov.<\/li>\n<li>PakkePris : Kontakt RaceEvents.<\/li>\n<\/ul>\n<h2>Racehall Event Pakke:<\/h2>\n<ul>\n<li>Er man kun til race, kan man rykke direkte i Racehall \ud83d\ude42<\/li>\n<li>Invitation til\u00a0<a title=\"Racehall Events 2013\" href=\"http:\/\/www.teambudgetracing.dk\/?page_id=189\">Racehall Event<\/a><\/li>\n<li>PakkePris (Pr. hold): mere info f\u00f8lger.<\/li>\n<\/ul>\n<p><span style=\"font-size: small;\" data-mce-mark=\"1\"><span style=\"line-height: 24px;\" data-mce-mark=\"1\">\u00a0<\/span><\/span><\/p>\n<p><a title=\"Kontakt\" href=\"http:\/\/www.teambudgetracing.dk\/?page_id=320\">Kontakt<\/a> Race Events for mere infomation.<\/p>\n<address>Alle priser er eks. moms.<\/address>\n","protected":false},"excerpt":{"rendered":"<p>Et samarbejde med RaceEvents \u00e5bner for en lang r\u00e6kke muligheder, som din virksomhed kan drage fordel af. Vi giver dit varem\u00e6rke synlighed p\u00e5 og omkring racerbanerne, og dit samarbejde aktiveres igennem en lang r\u00e6kke sp\u00e6ndende aktiviteter og events. Eksponering af &hellip; <a href=\"https:\/\/raceevents.dk\/?page_id=56\">Continue reading <span class=\"meta-nav\">&rarr;<\/span><\/a><\/p>\n","protected":false},"author":3,"featured_media":158,"parent":0,"menu_order":0,"comment_status":"closed","ping_status":"closed","template":"","meta":[],"_links":{"self":[{"href":"https:\/\/raceevents.dk\/index.php?rest_route=\/wp\/v2\/pages\/56"}],"collection":[{"href":"https:\/\/raceevents.dk\/index.php?rest_route=\/wp\/v2\/pages"}],"about":[{"href":"https:\/\/raceevents.dk\/index.php?rest_route=\/wp\/v2\/types\/page"}],"author":[{"embeddable":true,"href":"https:\/\/raceevents.dk\/index.php?rest_route=\/wp\/v2\/users\/3"}],"replies":[{"embeddable":true,"href":"https:\/\/raceevents.dk\/index.php?rest_route=%2Fwp%2Fv2%2Fcomments&post=56"}],"version-history":[{"count":24,"href":"https:\/\/raceevents.dk\/index.php?rest_route=\/wp\/v2\/pages\/56\/revisions"}],"predecessor-version":[{"id":1729,"href":"https:\/\/raceevents.dk\/index.php?rest_route=\/wp\/v2\/pages\/56\/revisions\/1729"}],"wp:featuredmedia":[{"embeddable":true,"href":"https:\/\/raceevents.dk\/index.php?rest_route=\/wp\/v2\/media\/158"}],"wp:attachment":[{"href":"https:\/\/raceevents.dk\/index.php?rest_route=%2Fwp%2Fv2%2Fmedia&parent=56"}],"curies":[{"name":"wp","href":"https:\/\/api.w.org\/{rel}","templated":true}]}}