{"id":77,"date":"2012-01-31T00:40:20","date_gmt":"2012-01-30T23:40:20","guid":{"rendered":"http:\/\/www.teambudgetracing.dk\/?page_id=77"},"modified":"2012-02-04T11:32:37","modified_gmt":"2012-02-04T10:32:37","slug":"the-crew","status":"publish","type":"page","link":"https:\/\/raceevents.dk\/?page_id=77","title":{"rendered":"Teamet"},"content":{"rendered":"<p>Bilerne k\u00f8re jo ikke sig selv, men det er heller ikke nok med en chaff\u00f8r<\/p>\n<p>For bilerne skal jo have lidt service mellem l\u00f8bende, s\u00e5 derfor best\u00e5r teamet b\u00e5de af k\u00f8re, mekanikerer, kokke og heppekor \ud83d\ude42<\/p>\n<p>Klik viderer i menuen for lidt info om de enkelte der f\u00e5r teamet til at fungerer \ud83d\ude09<\/p>\n","protected":false},"excerpt":{"rendered":"<p>Bilerne k\u00f8re jo ikke sig selv, men det er heller ikke nok med en chaff\u00f8r For bilerne skal jo have lidt service mellem l\u00f8bende, s\u00e5 derfor best\u00e5r teamet b\u00e5de af k\u00f8re, mekanikerer, kokke og heppekor \ud83d\ude42 Klik viderer i menuen &hellip; <a href=\"https:\/\/raceevents.dk\/?page_id=77\">Continue reading <span class=\"meta-nav\">&rarr;<\/span><\/a><\/p>\n","protected":false},"author":3,"featured_media":154,"parent":0,"menu_order":0,"comment_status":"closed","ping_status":"closed","template":"","meta":[],"_links":{"self":[{"href":"https:\/\/raceevents.dk\/index.php?rest_route=\/wp\/v2\/pages\/77"}],"collection":[{"href":"https:\/\/raceevents.dk\/index.php?rest_route=\/wp\/v2\/pages"}],"about":[{"href":"https:\/\/raceevents.dk\/index.php?rest_route=\/wp\/v2\/types\/page"}],"author":[{"embeddable":true,"href":"https:\/\/raceevents.dk\/index.php?rest_route=\/wp\/v2\/users\/3"}],"replies":[{"embeddable":true,"href":"https:\/\/raceevents.dk\/index.php?rest_route=%2Fwp%2Fv2%2Fcomments&post=77"}],"version-history":[{"count":4,"href":"https:\/\/raceevents.dk\/index.php?rest_route=\/wp\/v2\/pages\/77\/revisions"}],"predecessor-version":[{"id":297,"href":"https:\/\/raceevents.dk\/index.php?rest_route=\/wp\/v2\/pages\/77\/revisions\/297"}],"wp:featuredmedia":[{"embeddable":true,"href":"https:\/\/raceevents.dk\/index.php?rest_route=\/wp\/v2\/media\/154"}],"wp:attachment":[{"href":"https:\/\/raceevents.dk\/index.php?rest_route=%2Fwp%2Fv2%2Fmedia&parent=77"}],"curies":[{"name":"wp","href":"https:\/\/api.w.org\/{rel}","templated":true}]}}