{"id":80,"date":"2012-01-31T00:49:14","date_gmt":"2012-01-30T23:49:14","guid":{"rendered":"http:\/\/www.teambudgetracing.dk\/?page_id=80"},"modified":"2014-08-05T07:44:29","modified_gmt":"2014-08-05T05:44:29","slug":"1-korer","status":"publish","type":"page","link":"https:\/\/raceevents.dk\/?page_id=80","title":{"rendered":"Driver : M. Holch"},"content":{"rendered":"<p><a href=\"http:\/\/www.teambudgetracing.dk\/wp-content\/uploads\/2012\/01\/MH2.jpg\"><img loading=\"lazy\" class=\"alignright  wp-image-466\" title=\"MH\" alt=\"\" src=\"http:\/\/www.teambudgetracing.dk\/wp-content\/uploads\/2012\/01\/MH2.jpg\" width=\"299\" height=\"592\" srcset=\"https:\/\/raceevents.dk\/wp-content\/uploads\/2012\/01\/MH2.jpg 498w, https:\/\/raceevents.dk\/wp-content\/uploads\/2012\/01\/MH2-151x300.jpg 151w\" sizes=\"(max-width: 299px) 100vw, 299px\" \/><\/a>Mikkel Holch<br \/>\nF\u00f8dt : 1976<\/p>\n<p><em><strong>K\u00f8rt:<\/strong><\/em><\/p>\n<p>Div. st\u00e6vner I udlejningskart<br \/>\n3,6,8 &amp; 12 Timers Mini Lemans i Racehall<\/p>\n<p>2004 Super Cup<br \/>\n2005 Super Cup<br \/>\n2006 Special Saloon Car<br \/>\n2006 SyverRace<br \/>\n2008 Special Saloon Car<br \/>\n2011 SyverRace<\/p>\n<p><em><strong>Ambitioner 2012 :<\/strong><\/em><\/p>\n<p>Dansk Mester 2012 i DM SyverRace<\/p>\n<p>Jeg bor i H\u00f8jbjerg, med min kone og 2 piger p\u00e5 1\u00bd &amp; 4,<\/p>\n<p><strong>Hvordan er jeg:?<\/strong><\/p>\n<p>Der er fuld fart p\u00e5. Ikke kun p\u00e5 banen, men ogs\u00e5 udenfor. Der er altid noget at give sig til, om det er fixet huset, hygge hjemme, eller hj\u00e6lpe venner og bekendte med hvad de nu m\u00e5tte have af problemer. S\u00e5 bliver tiden brugt p\u00e5 alt muligt.<\/p>\n<p><strong>Hvad laver jeg til daglig?:<\/strong><\/p>\n<p>Jeg sidder til dagligt som SW design ingeni\u00f8r i et lille udviklingshus i midten af \u00e5rhus, hvilket betyder jeg selv styre mine opgaver, hvorved man er n\u00f8d til at kunne arbejde selvst\u00e6ndigt og m\u00e5lrettet.<\/p>\n<p><strong>Hvad jeg kan byde p\u00e5:<\/strong><\/p>\n<p>At dele ud af min viden og samle teamet, s\u00e5 vi alle f\u00e5r det bedste ud af 2012.<\/p>\n<p>DM i Syverrace, here we come !!!<\/p>\n<p>Mikkel i Silver, Heat 2 p\u00e5 Jyllandsringen 2011<br \/>\n\n<!-- YouTube Embed v5.2.2 -->\n<div class=\"youtube-embed\" itemprop=\"video\" itemscope itemtype=\"https:\/\/schema.org\/VideoObject\">\n\t<meta itemprop=\"url\" content=\"https:\/\/www.youtube.com\/v\/I5-mwBVN62c\" \/>\n\t<meta itemprop=\"name\" content=\"Driver : M. Holch\" \/>\n\t<meta itemprop=\"description\" content=\"Driver : M. Holch\" \/>\n\t<meta itemprop=\"uploadDate\" content=\"2012-01-31T00:49:14+01:00\" \/>\n\t<meta itemprop=\"thumbnailUrl\" content=\"https:\/\/i.ytimg.com\/vi\/I5-mwBVN62c\/default.jpg\" \/>\n\t<meta itemprop=\"embedUrl\" content=\"https:\/\/www.youtube.com\/embed\/I5-mwBVN62c\" \/>\n\t<meta itemprop=\"height\" content=\"329\" \/>\n\t<meta itemprop=\"width\" content=\"584\" \/>\n\t<iframe style=\"border: 0;\" class=\"youtube-player\" width=\"584\" height=\"329\" src=\"https:\/\/www.youtube.com\/embed\/I5-mwBVN62c?modestbranding=1&fs=0&rel=0\"><\/iframe>\n<\/div>\n<!-- End of YouTube Embed code. Generated in 0.00355 seconds -->\n<br \/>\n10:45 viser ikke kun hvor lidt der skal til at smide bagenden.<br \/>\nMen ogs\u00e5 hvor nem den er at redde igen;)<\/p>\n","protected":false},"excerpt":{"rendered":"<p>Mikkel Holch F\u00f8dt : 1976 K\u00f8rt: Div. st\u00e6vner I udlejningskart 3,6,8 &amp; 12 Timers Mini Lemans i Racehall 2004 Super Cup 2005 Super Cup 2006 Special Saloon Car 2006 SyverRace 2008 Special Saloon Car 2011 SyverRace Ambitioner 2012 : Dansk &hellip; <a href=\"https:\/\/raceevents.dk\/?page_id=80\">Continue reading <span class=\"meta-nav\">&rarr;<\/span><\/a><\/p>\n","protected":false},"author":3,"featured_media":0,"parent":77,"menu_order":0,"comment_status":"closed","ping_status":"closed","template":"","meta":[],"_links":{"self":[{"href":"https:\/\/raceevents.dk\/index.php?rest_route=\/wp\/v2\/pages\/80"}],"collection":[{"href":"https:\/\/raceevents.dk\/index.php?rest_route=\/wp\/v2\/pages"}],"about":[{"href":"https:\/\/raceevents.dk\/index.php?rest_route=\/wp\/v2\/types\/page"}],"author":[{"embeddable":true,"href":"https:\/\/raceevents.dk\/index.php?rest_route=\/wp\/v2\/users\/3"}],"replies":[{"embeddable":true,"href":"https:\/\/raceevents.dk\/index.php?rest_route=%2Fwp%2Fv2%2Fcomments&post=80"}],"version-history":[{"count":16,"href":"https:\/\/raceevents.dk\/index.php?rest_route=\/wp\/v2\/pages\/80\/revisions"}],"predecessor-version":[{"id":1627,"href":"https:\/\/raceevents.dk\/index.php?rest_route=\/wp\/v2\/pages\/80\/revisions\/1627"}],"up":[{"embeddable":true,"href":"https:\/\/raceevents.dk\/index.php?rest_route=\/wp\/v2\/pages\/77"}],"wp:attachment":[{"href":"https:\/\/raceevents.dk\/index.php?rest_route=%2Fwp%2Fv2%2Fmedia&parent=80"}],"curies":[{"name":"wp","href":"https:\/\/api.w.org\/{rel}","templated":true}]}}